{"id":511,"date":"2022-09-19T19:47:52","date_gmt":"2022-09-19T19:47:52","guid":{"rendered":"https:\/\/fermelaute.be\/?post_type=product&#038;p=511"},"modified":"2023-11-14T19:34:12","modified_gmt":"2023-11-14T19:34:12","slug":"tomate-cerise-mix-250gr-copie","status":"publish","type":"product","link":"https:\/\/fermelaute.be\/index.php\/product\/tomate-cerise-mix-250gr-copie\/","title":{"rendered":"Tomate cerise mix 250gr (Copie)"},"content":{"rendered":"<p>&nbsp;<\/p>\n<p>Les tomates cerise mix sont compos\u00e9es de plusieurs vari\u00e9t\u00e9s de petites tomates.<\/p>\n","protected":false},"excerpt":{"rendered":"<p>&nbsp; Les tomates cerise mix sont compos\u00e9es de plusieurs vari\u00e9t\u00e9s de petites tomates.<\/p>\n","protected":false},"featured_media":335,"template":"","meta":{"_et_pb_use_builder":"","_et_pb_old_content":"","_et_gb_content_width":""},"product_brand":[],"product_cat":[24],"product_tag":[],"class_list":{"0":"post-511","1":"product","2":"type-product","3":"status-publish","4":"has-post-thumbnail","6":"product_cat-legumes-de-saison","8":"first","9":"outofstock","10":"taxable","11":"shipping-taxable","12":"purchasable","13":"product-type-simple"},"_links":{"self":[{"href":"https:\/\/fermelaute.be\/index.php\/wp-json\/wp\/v2\/product\/511","targetHints":{"allow":["GET"]}}],"collection":[{"href":"https:\/\/fermelaute.be\/index.php\/wp-json\/wp\/v2\/product"}],"about":[{"href":"https:\/\/fermelaute.be\/index.php\/wp-json\/wp\/v2\/types\/product"}],"wp:featuredmedia":[{"embeddable":true,"href":"https:\/\/fermelaute.be\/index.php\/wp-json\/wp\/v2\/media\/335"}],"wp:attachment":[{"href":"https:\/\/fermelaute.be\/index.php\/wp-json\/wp\/v2\/media?parent=511"}],"wp:term":[{"taxonomy":"product_brand","embeddable":true,"href":"https:\/\/fermelaute.be\/index.php\/wp-json\/wp\/v2\/product_brand?post=511"},{"taxonomy":"product_cat","embeddable":true,"href":"https:\/\/fermelaute.be\/index.php\/wp-json\/wp\/v2\/product_cat?post=511"},{"taxonomy":"product_tag","embeddable":true,"href":"https:\/\/fermelaute.be\/index.php\/wp-json\/wp\/v2\/product_tag?post=511"}],"curies":[{"name":"wp","href":"https:\/\/api.w.org\/{rel}","templated":true}]}}