{"id":432,"date":"2022-06-07T09:23:41","date_gmt":"2022-06-07T09:23:41","guid":{"rendered":"https:\/\/fermelaute.be\/?post_type=product&#038;p=432"},"modified":"2022-09-15T07:50:52","modified_gmt":"2022-09-15T07:50:52","slug":"panier-surprise-a-legumes-a-25euros","status":"publish","type":"product","link":"https:\/\/fermelaute.be\/index.php\/product\/panier-surprise-a-legumes-a-25euros\/","title":{"rendered":"Panier surprise \u00e0 l\u00e9gumes a 25euros."},"content":{"rendered":"<p>Ses paniers sont constituer de l\u00e9gumes de saison \u00e0 l&rsquo;\u00e9quivalent de 25euros,<\/p>\n<p>on y met toutes sortes de l\u00e9gumes diff\u00e9rents.<\/p>\n<p>Vous n&rsquo;aurez jamais vraiment la m\u00eame chose, on y met aussi des l\u00e9gumes abim\u00e9s pour faire de la soupe.<\/p>\n<p>Ses paniers nous \u00e9vites le gaspillage des l\u00e9gumes.<\/p>\n","protected":false},"excerpt":{"rendered":"<p>Ses paniers sont constituer de l\u00e9gumes de saison \u00e0 l&rsquo;\u00e9quivalent de 25euros, on y met toutes sortes de l\u00e9gumes diff\u00e9rents. Vous n&rsquo;aurez jamais vraiment la m\u00eame chose, on y met aussi des l\u00e9gumes abim\u00e9s pour faire de la soupe. Ses paniers nous \u00e9vites le gaspillage des l\u00e9gumes.<\/p>\n","protected":false},"featured_media":0,"template":"","meta":{"_et_pb_use_builder":"","_et_pb_old_content":"","_et_gb_content_width":""},"product_brand":[],"product_cat":[24],"product_tag":[],"class_list":{"0":"post-432","1":"product","2":"type-product","3":"status-publish","5":"product_cat-legumes-de-saison","7":"first","8":"outofstock","9":"taxable","10":"shipping-taxable","11":"purchasable","12":"product-type-simple"},"_links":{"self":[{"href":"https:\/\/fermelaute.be\/index.php\/wp-json\/wp\/v2\/product\/432","targetHints":{"allow":["GET"]}}],"collection":[{"href":"https:\/\/fermelaute.be\/index.php\/wp-json\/wp\/v2\/product"}],"about":[{"href":"https:\/\/fermelaute.be\/index.php\/wp-json\/wp\/v2\/types\/product"}],"wp:attachment":[{"href":"https:\/\/fermelaute.be\/index.php\/wp-json\/wp\/v2\/media?parent=432"}],"wp:term":[{"taxonomy":"product_brand","embeddable":true,"href":"https:\/\/fermelaute.be\/index.php\/wp-json\/wp\/v2\/product_brand?post=432"},{"taxonomy":"product_cat","embeddable":true,"href":"https:\/\/fermelaute.be\/index.php\/wp-json\/wp\/v2\/product_cat?post=432"},{"taxonomy":"product_tag","embeddable":true,"href":"https:\/\/fermelaute.be\/index.php\/wp-json\/wp\/v2\/product_tag?post=432"}],"curies":[{"name":"wp","href":"https:\/\/api.w.org\/{rel}","templated":true}]}}