{"id":414,"date":"2022-06-07T09:23:40","date_gmt":"2022-06-07T09:23:40","guid":{"rendered":"https:\/\/fermelaute.be\/?post_type=product&#038;p=414"},"modified":"2025-06-30T18:16:19","modified_gmt":"2025-06-30T18:16:19","slug":"tomate-ancienne-varietes-1kg","status":"publish","type":"product","link":"https:\/\/fermelaute.be\/index.php\/product\/tomate-ancienne-varietes-1kg\/","title":{"rendered":"Tomate ancienne vari\u00e9t\u00e9s 1kg"},"content":{"rendered":"<p>Le paquet est compos\u00e9es de plusieurs sortes de tomates ancienne vari\u00e9t\u00e9s.<\/p>\n<p>&nbsp;<\/p>\n","protected":false},"excerpt":{"rendered":"<p>Le paquet est compos\u00e9es de plusieurs sortes de tomates ancienne vari\u00e9t\u00e9s. &nbsp;<\/p>\n","protected":false},"featured_media":433,"template":"","meta":{"_et_pb_use_builder":"","_et_pb_old_content":"","_et_gb_content_width":""},"product_brand":[],"product_cat":[24],"product_tag":[],"class_list":{"0":"post-414","1":"product","2":"type-product","3":"status-publish","4":"has-post-thumbnail","6":"product_cat-legumes-de-saison","8":"first","9":"instock","10":"taxable","11":"shipping-taxable","12":"purchasable","13":"product-type-simple"},"_links":{"self":[{"href":"https:\/\/fermelaute.be\/index.php\/wp-json\/wp\/v2\/product\/414","targetHints":{"allow":["GET"]}}],"collection":[{"href":"https:\/\/fermelaute.be\/index.php\/wp-json\/wp\/v2\/product"}],"about":[{"href":"https:\/\/fermelaute.be\/index.php\/wp-json\/wp\/v2\/types\/product"}],"wp:featuredmedia":[{"embeddable":true,"href":"https:\/\/fermelaute.be\/index.php\/wp-json\/wp\/v2\/media\/433"}],"wp:attachment":[{"href":"https:\/\/fermelaute.be\/index.php\/wp-json\/wp\/v2\/media?parent=414"}],"wp:term":[{"taxonomy":"product_brand","embeddable":true,"href":"https:\/\/fermelaute.be\/index.php\/wp-json\/wp\/v2\/product_brand?post=414"},{"taxonomy":"product_cat","embeddable":true,"href":"https:\/\/fermelaute.be\/index.php\/wp-json\/wp\/v2\/product_cat?post=414"},{"taxonomy":"product_tag","embeddable":true,"href":"https:\/\/fermelaute.be\/index.php\/wp-json\/wp\/v2\/product_tag?post=414"}],"curies":[{"name":"wp","href":"https:\/\/api.w.org\/{rel}","templated":true}]}}