{"id":282,"date":"2022-06-07T09:16:40","date_gmt":"2022-06-07T09:16:40","guid":{"rendered":"https:\/\/fermelaute.be\/?post_type=product&#038;p=282"},"modified":"2026-04-17T14:21:38","modified_gmt":"2026-04-17T14:21:38","slug":"concombre-a-la-piece","status":"publish","type":"product","link":"https:\/\/fermelaute.be\/index.php\/product\/concombre-a-la-piece\/","title":{"rendered":"Concombre \u00e0 la pi\u00e8ce"},"content":{"rendered":"<p>Concombre id\u00e9ale pour r\u00e9alis\u00e9 pleins de recettes!<\/p>\n","protected":false},"excerpt":{"rendered":"<p>Concombre id\u00e9ale pour r\u00e9alis\u00e9 pleins de recettes!<\/p>\n","protected":false},"featured_media":328,"template":"","meta":{"_et_pb_use_builder":"","_et_pb_old_content":"","_et_gb_content_width":""},"product_brand":[],"product_cat":[24],"product_tag":[],"class_list":{"0":"post-282","1":"product","2":"type-product","3":"status-publish","4":"has-post-thumbnail","6":"product_cat-legumes-de-saison","8":"first","9":"instock","10":"taxable","11":"shipping-taxable","12":"purchasable","13":"product-type-simple"},"_links":{"self":[{"href":"https:\/\/fermelaute.be\/index.php\/wp-json\/wp\/v2\/product\/282","targetHints":{"allow":["GET"]}}],"collection":[{"href":"https:\/\/fermelaute.be\/index.php\/wp-json\/wp\/v2\/product"}],"about":[{"href":"https:\/\/fermelaute.be\/index.php\/wp-json\/wp\/v2\/types\/product"}],"wp:featuredmedia":[{"embeddable":true,"href":"https:\/\/fermelaute.be\/index.php\/wp-json\/wp\/v2\/media\/328"}],"wp:attachment":[{"href":"https:\/\/fermelaute.be\/index.php\/wp-json\/wp\/v2\/media?parent=282"}],"wp:term":[{"taxonomy":"product_brand","embeddable":true,"href":"https:\/\/fermelaute.be\/index.php\/wp-json\/wp\/v2\/product_brand?post=282"},{"taxonomy":"product_cat","embeddable":true,"href":"https:\/\/fermelaute.be\/index.php\/wp-json\/wp\/v2\/product_cat?post=282"},{"taxonomy":"product_tag","embeddable":true,"href":"https:\/\/fermelaute.be\/index.php\/wp-json\/wp\/v2\/product_tag?post=282"}],"curies":[{"name":"wp","href":"https:\/\/api.w.org\/{rel}","templated":true}]}}