{"id":215,"date":"2022-06-07T09:15:39","date_gmt":"2022-06-07T09:15:39","guid":{"rendered":"https:\/\/fermelaute.be\/?post_type=product&#038;p=215"},"modified":"2022-06-07T09:16:00","modified_gmt":"2022-06-07T09:16:00","slug":"patate-douce-1kg","status":"publish","type":"product","link":"https:\/\/fermelaute.be\/index.php\/product\/patate-douce-1kg\/","title":{"rendered":"Patate douce 1kg"},"content":{"rendered":"<p>Les patates douce sont cultiv\u00e9es de mani\u00e8re naturelle.<\/p>\n<p>Beaucoup de recettes sont possible \u00e0 r\u00e9aliser.<\/p>\n<p>&nbsp;<\/p>\n","protected":false},"excerpt":{"rendered":"<p>Les patates douce sont cultiv\u00e9es de mani\u00e8re naturelle. Beaucoup de recettes sont possible \u00e0 r\u00e9aliser. &nbsp;<\/p>\n","protected":false},"featured_media":240,"template":"","meta":{"_et_pb_use_builder":"","_et_pb_old_content":"","_et_gb_content_width":""},"product_brand":[],"product_cat":[24],"product_tag":[],"class_list":{"0":"post-215","1":"product","2":"type-product","3":"status-publish","4":"has-post-thumbnail","6":"product_cat-legumes-de-saison","8":"first","9":"instock","10":"taxable","11":"shipping-taxable","12":"purchasable","13":"product-type-simple"},"_links":{"self":[{"href":"https:\/\/fermelaute.be\/index.php\/wp-json\/wp\/v2\/product\/215","targetHints":{"allow":["GET"]}}],"collection":[{"href":"https:\/\/fermelaute.be\/index.php\/wp-json\/wp\/v2\/product"}],"about":[{"href":"https:\/\/fermelaute.be\/index.php\/wp-json\/wp\/v2\/types\/product"}],"wp:featuredmedia":[{"embeddable":true,"href":"https:\/\/fermelaute.be\/index.php\/wp-json\/wp\/v2\/media\/240"}],"wp:attachment":[{"href":"https:\/\/fermelaute.be\/index.php\/wp-json\/wp\/v2\/media?parent=215"}],"wp:term":[{"taxonomy":"product_brand","embeddable":true,"href":"https:\/\/fermelaute.be\/index.php\/wp-json\/wp\/v2\/product_brand?post=215"},{"taxonomy":"product_cat","embeddable":true,"href":"https:\/\/fermelaute.be\/index.php\/wp-json\/wp\/v2\/product_cat?post=215"},{"taxonomy":"product_tag","embeddable":true,"href":"https:\/\/fermelaute.be\/index.php\/wp-json\/wp\/v2\/product_tag?post=215"}],"curies":[{"name":"wp","href":"https:\/\/api.w.org\/{rel}","templated":true}]}}