{"id":193,"date":"2022-06-07T09:15:08","date_gmt":"2022-06-07T09:15:08","guid":{"rendered":"https:\/\/fermelaute.be\/?post_type=product&#038;p=193"},"modified":"2023-03-31T20:27:54","modified_gmt":"2023-03-31T20:27:54","slug":"navet-rose-blanc-500gr","status":"publish","type":"product","link":"https:\/\/fermelaute.be\/index.php\/product\/navet-rose-blanc-500gr\/","title":{"rendered":"Navet ros\u00e9 blanc 500gr"},"content":{"rendered":"<p>Cultiv\u00e9 de mani\u00e8re naturelle.<\/p>\n<p><img loading=\"lazy\" decoding=\"async\" src=\"https:\/\/fermelaute.com\/wp-content\/uploads\/2021\/05\/Navets-logo-copie-300x300-1.jpg\" alt=\"\" width=\"300\" height=\"300\" class=\"alignnone size-full wp-image-2052\" \/><\/p>\n","protected":false},"excerpt":{"rendered":"<p>Cultiv\u00e9 de mani\u00e8re naturelle.<\/p>\n","protected":false},"featured_media":235,"template":"","meta":{"_et_pb_use_builder":"","_et_pb_old_content":"","_et_gb_content_width":""},"product_brand":[],"product_cat":[24],"product_tag":[],"class_list":{"0":"post-193","1":"product","2":"type-product","3":"status-publish","4":"has-post-thumbnail","6":"product_cat-legumes-de-saison","8":"first","9":"instock","10":"taxable","11":"shipping-taxable","12":"purchasable","13":"product-type-simple"},"_links":{"self":[{"href":"https:\/\/fermelaute.be\/index.php\/wp-json\/wp\/v2\/product\/193","targetHints":{"allow":["GET"]}}],"collection":[{"href":"https:\/\/fermelaute.be\/index.php\/wp-json\/wp\/v2\/product"}],"about":[{"href":"https:\/\/fermelaute.be\/index.php\/wp-json\/wp\/v2\/types\/product"}],"wp:featuredmedia":[{"embeddable":true,"href":"https:\/\/fermelaute.be\/index.php\/wp-json\/wp\/v2\/media\/235"}],"wp:attachment":[{"href":"https:\/\/fermelaute.be\/index.php\/wp-json\/wp\/v2\/media?parent=193"}],"wp:term":[{"taxonomy":"product_brand","embeddable":true,"href":"https:\/\/fermelaute.be\/index.php\/wp-json\/wp\/v2\/product_brand?post=193"},{"taxonomy":"product_cat","embeddable":true,"href":"https:\/\/fermelaute.be\/index.php\/wp-json\/wp\/v2\/product_cat?post=193"},{"taxonomy":"product_tag","embeddable":true,"href":"https:\/\/fermelaute.be\/index.php\/wp-json\/wp\/v2\/product_tag?post=193"}],"curies":[{"name":"wp","href":"https:\/\/api.w.org\/{rel}","templated":true}]}}