{"id":192,"date":"2022-06-07T09:15:08","date_gmt":"2022-06-07T09:15:08","guid":{"rendered":"https:\/\/fermelaute.be\/?post_type=product&#038;p=192"},"modified":"2026-02-10T08:26:29","modified_gmt":"2026-02-10T08:26:29","slug":"mache","status":"publish","type":"product","link":"https:\/\/fermelaute.be\/index.php\/product\/mache\/","title":{"rendered":"M\u00e2che 100gr"},"content":{"rendered":"<p>La m\u00e2che peut aussi \u00eatre appeler \u00ab\u00a0salade de bl\u00e9\u00a0\u00bb.<\/p>\n<p><img loading=\"lazy\" decoding=\"async\" src=\"https:\/\/fermelaute.com\/wp-content\/uploads\/2021\/05\/mache-semis-161546-300x225.jpg\" alt=\"\" width=\"300\" height=\"225\" class=\"alignnone size-medium wp-image-2050\" \/><\/p>\n","protected":false},"excerpt":{"rendered":"<p>La m\u00e2che peut aussi \u00eatre appeler \u00ab\u00a0salade de bl\u00e9\u00a0\u00bb.<\/p>\n","protected":false},"featured_media":234,"template":"","meta":{"_et_pb_use_builder":"","_et_pb_old_content":"","_et_gb_content_width":""},"product_brand":[],"product_cat":[24],"product_tag":[],"class_list":{"0":"post-192","1":"product","2":"type-product","3":"status-publish","4":"has-post-thumbnail","6":"product_cat-legumes-de-saison","8":"first","9":"instock","10":"taxable","11":"shipping-taxable","12":"purchasable","13":"product-type-simple"},"_links":{"self":[{"href":"https:\/\/fermelaute.be\/index.php\/wp-json\/wp\/v2\/product\/192","targetHints":{"allow":["GET"]}}],"collection":[{"href":"https:\/\/fermelaute.be\/index.php\/wp-json\/wp\/v2\/product"}],"about":[{"href":"https:\/\/fermelaute.be\/index.php\/wp-json\/wp\/v2\/types\/product"}],"wp:featuredmedia":[{"embeddable":true,"href":"https:\/\/fermelaute.be\/index.php\/wp-json\/wp\/v2\/media\/234"}],"wp:attachment":[{"href":"https:\/\/fermelaute.be\/index.php\/wp-json\/wp\/v2\/media?parent=192"}],"wp:term":[{"taxonomy":"product_brand","embeddable":true,"href":"https:\/\/fermelaute.be\/index.php\/wp-json\/wp\/v2\/product_brand?post=192"},{"taxonomy":"product_cat","embeddable":true,"href":"https:\/\/fermelaute.be\/index.php\/wp-json\/wp\/v2\/product_cat?post=192"},{"taxonomy":"product_tag","embeddable":true,"href":"https:\/\/fermelaute.be\/index.php\/wp-json\/wp\/v2\/product_tag?post=192"}],"curies":[{"name":"wp","href":"https:\/\/api.w.org\/{rel}","templated":true}]}}