{"id":155,"date":"2022-06-07T09:14:40","date_gmt":"2022-06-07T09:14:40","guid":{"rendered":"https:\/\/fermelaute.be\/?post_type=product&#038;p=155"},"modified":"2023-03-31T20:20:41","modified_gmt":"2023-03-31T20:20:41","slug":"carottes-vrac-1kg","status":"publish","type":"product","link":"https:\/\/fermelaute.be\/index.php\/product\/carottes-vrac-1kg\/","title":{"rendered":"Carottes vrac 1kg"},"content":{"rendered":"<p>Les carottes vrac sont non lav\u00e9es.<\/p>\n<p>Elles ont un go\u00fbt diff\u00e9rent des autres elles sont tr\u00e8s bonne.<\/p>\n<p><img loading=\"lazy\" decoding=\"async\" src=\"https:\/\/fermelaute.com\/wp-content\/uploads\/2021\/05\/carotte-vrac-225x300.jpeg\" alt=\"\" width=\"225\" height=\"300\" class=\"alignnone size-medium wp-image-1997\" \/><\/p>\n","protected":false},"excerpt":{"rendered":"<p>Les carottes vrac sont non lav\u00e9es. Elles ont un go\u00fbt diff\u00e9rent des autres elles sont tr\u00e8s bonne.<\/p>\n","protected":false},"featured_media":198,"template":"","meta":{"_et_pb_use_builder":"","_et_pb_old_content":"","_et_gb_content_width":""},"product_brand":[],"product_cat":[24],"product_tag":[],"class_list":{"0":"post-155","1":"product","2":"type-product","3":"status-publish","4":"has-post-thumbnail","6":"product_cat-legumes-de-saison","8":"first","9":"instock","10":"taxable","11":"shipping-taxable","12":"purchasable","13":"product-type-simple"},"_links":{"self":[{"href":"https:\/\/fermelaute.be\/index.php\/wp-json\/wp\/v2\/product\/155","targetHints":{"allow":["GET"]}}],"collection":[{"href":"https:\/\/fermelaute.be\/index.php\/wp-json\/wp\/v2\/product"}],"about":[{"href":"https:\/\/fermelaute.be\/index.php\/wp-json\/wp\/v2\/types\/product"}],"wp:featuredmedia":[{"embeddable":true,"href":"https:\/\/fermelaute.be\/index.php\/wp-json\/wp\/v2\/media\/198"}],"wp:attachment":[{"href":"https:\/\/fermelaute.be\/index.php\/wp-json\/wp\/v2\/media?parent=155"}],"wp:term":[{"taxonomy":"product_brand","embeddable":true,"href":"https:\/\/fermelaute.be\/index.php\/wp-json\/wp\/v2\/product_brand?post=155"},{"taxonomy":"product_cat","embeddable":true,"href":"https:\/\/fermelaute.be\/index.php\/wp-json\/wp\/v2\/product_cat?post=155"},{"taxonomy":"product_tag","embeddable":true,"href":"https:\/\/fermelaute.be\/index.php\/wp-json\/wp\/v2\/product_tag?post=155"}],"curies":[{"name":"wp","href":"https:\/\/api.w.org\/{rel}","templated":true}]}}