{"id":153,"date":"2022-06-07T09:14:40","date_gmt":"2022-06-07T09:14:40","guid":{"rendered":"https:\/\/fermelaute.be\/?post_type=product&#038;p=153"},"modified":"2023-03-31T20:20:18","modified_gmt":"2023-03-31T20:20:18","slug":"carottes-bottes","status":"publish","type":"product","link":"https:\/\/fermelaute.be\/index.php\/product\/carottes-bottes\/","title":{"rendered":"Carottes bottes"},"content":{"rendered":"<p>La carotte botte s&rsquo;ach\u00e8te avec les fanes qui peuvent aussi \u00eatre mang\u00e9!<\/p>\n<p>Elle est croquant, sucr\u00e9e et tendre\u00a0 lorsqu&rsquo;elle est est d\u00e9gust\u00e9e crue<\/p>\n<p>Sont temps de cuissons est r\u00e9duit par apport aux carottes lus dures<\/p>\n<p>.<img loading=\"lazy\" decoding=\"async\" src=\"https:\/\/fermelaute.com\/wp-content\/uploads\/2021\/05\/carottes-bottes.jpg\" alt=\"\" width=\"290\" height=\"217\" class=\"alignnone size-full wp-image-1992\" \/><\/p>\n","protected":false},"excerpt":{"rendered":"<p>La carotte botte s&rsquo;ach\u00e8te avec les fanes qui peuvent aussi \u00eatre mang\u00e9! Elle est croquant, sucr\u00e9e et tendre\u00a0 lorsqu&rsquo;elle est est d\u00e9gust\u00e9e crue Sont temps de cuissons est r\u00e9duit par apport aux carottes lus dures .<\/p>\n","protected":false},"featured_media":196,"template":"","meta":{"_et_pb_use_builder":"","_et_pb_old_content":"","_et_gb_content_width":""},"product_brand":[],"product_cat":[24],"product_tag":[],"class_list":{"0":"post-153","1":"product","2":"type-product","3":"status-publish","4":"has-post-thumbnail","6":"product_cat-legumes-de-saison","8":"first","9":"instock","10":"taxable","11":"shipping-taxable","12":"purchasable","13":"product-type-simple"},"_links":{"self":[{"href":"https:\/\/fermelaute.be\/index.php\/wp-json\/wp\/v2\/product\/153","targetHints":{"allow":["GET"]}}],"collection":[{"href":"https:\/\/fermelaute.be\/index.php\/wp-json\/wp\/v2\/product"}],"about":[{"href":"https:\/\/fermelaute.be\/index.php\/wp-json\/wp\/v2\/types\/product"}],"wp:featuredmedia":[{"embeddable":true,"href":"https:\/\/fermelaute.be\/index.php\/wp-json\/wp\/v2\/media\/196"}],"wp:attachment":[{"href":"https:\/\/fermelaute.be\/index.php\/wp-json\/wp\/v2\/media?parent=153"}],"wp:term":[{"taxonomy":"product_brand","embeddable":true,"href":"https:\/\/fermelaute.be\/index.php\/wp-json\/wp\/v2\/product_brand?post=153"},{"taxonomy":"product_cat","embeddable":true,"href":"https:\/\/fermelaute.be\/index.php\/wp-json\/wp\/v2\/product_cat?post=153"},{"taxonomy":"product_tag","embeddable":true,"href":"https:\/\/fermelaute.be\/index.php\/wp-json\/wp\/v2\/product_tag?post=153"}],"curies":[{"name":"wp","href":"https:\/\/api.w.org\/{rel}","templated":true}]}}