{"id":150,"date":"2022-06-07T09:14:40","date_gmt":"2022-06-07T09:14:40","guid":{"rendered":"https:\/\/fermelaute.be\/?post_type=product&#038;p=150"},"modified":"2022-06-22T07:16:58","modified_gmt":"2022-06-22T07:16:58","slug":"betterave-rouge-1kg","status":"publish","type":"product","link":"https:\/\/fermelaute.be\/index.php\/product\/betterave-rouge-1kg\/","title":{"rendered":"Betterave rouge 1kg"},"content":{"rendered":"<p>Certaines de nos betteraves profitent tellement qu&rsquo;elles deviennent trop volumineuses pour \u00eatre vendu en bottes!<\/p>\n<p>Nous les vendons en vrac.<\/p>\n<p>Et pas mal de recettes peuvent \u00eatre r\u00e9alis\u00e9es!<\/p>\n","protected":false},"excerpt":{"rendered":"<p>Certaines de nos betteraves profitent tellement qu&rsquo;elles deviennent trop volumineuses pour \u00eatre vendu en bottes! Nous les vendons en vrac. Et pas mal de recettes peuvent \u00eatre r\u00e9alis\u00e9es!<\/p>\n","protected":false},"featured_media":177,"template":"","meta":{"_et_pb_use_builder":"","_et_pb_old_content":"","_et_gb_content_width":""},"product_brand":[],"product_cat":[24],"product_tag":[],"class_list":{"0":"post-150","1":"product","2":"type-product","3":"status-publish","4":"has-post-thumbnail","6":"product_cat-legumes-de-saison","8":"first","9":"instock","10":"taxable","11":"shipping-taxable","12":"purchasable","13":"product-type-simple"},"_links":{"self":[{"href":"https:\/\/fermelaute.be\/index.php\/wp-json\/wp\/v2\/product\/150","targetHints":{"allow":["GET"]}}],"collection":[{"href":"https:\/\/fermelaute.be\/index.php\/wp-json\/wp\/v2\/product"}],"about":[{"href":"https:\/\/fermelaute.be\/index.php\/wp-json\/wp\/v2\/types\/product"}],"wp:featuredmedia":[{"embeddable":true,"href":"https:\/\/fermelaute.be\/index.php\/wp-json\/wp\/v2\/media\/177"}],"wp:attachment":[{"href":"https:\/\/fermelaute.be\/index.php\/wp-json\/wp\/v2\/media?parent=150"}],"wp:term":[{"taxonomy":"product_brand","embeddable":true,"href":"https:\/\/fermelaute.be\/index.php\/wp-json\/wp\/v2\/product_brand?post=150"},{"taxonomy":"product_cat","embeddable":true,"href":"https:\/\/fermelaute.be\/index.php\/wp-json\/wp\/v2\/product_cat?post=150"},{"taxonomy":"product_tag","embeddable":true,"href":"https:\/\/fermelaute.be\/index.php\/wp-json\/wp\/v2\/product_tag?post=150"}],"curies":[{"name":"wp","href":"https:\/\/api.w.org\/{rel}","templated":true}]}}