{"id":149,"date":"2022-06-07T09:14:40","date_gmt":"2022-06-07T09:14:40","guid":{"rendered":"https:\/\/fermelaute.be\/?post_type=product&#038;p=149"},"modified":"2022-06-07T09:14:59","modified_gmt":"2022-06-07T09:14:59","slug":"betterave-rouge-500gr","status":"publish","type":"product","link":"https:\/\/fermelaute.be\/index.php\/product\/betterave-rouge-500gr\/","title":{"rendered":"Betterave rouge 500gr"},"content":{"rendered":"<p>Certaines de nos betteraves profitent tellement qu&rsquo;elles deviennent trop volumineuses pour \u00eatre vendu en bottes!<\/p>\n<p>Nous les vendons en vrac.<\/p>\n<p>Et pas mal de recettes peuvent \u00eatre r\u00e9alis\u00e9es!<\/p>\n<p><img loading=\"lazy\" decoding=\"async\" src=\"https:\/\/fermelaute.com\/wp-content\/uploads\/2021\/05\/betteraves-rouges-300x300.jpg\" alt=\"\" width=\"300\" height=\"300\" class=\"alignnone size-medium wp-image-1985\" \/><\/p>\n","protected":false},"excerpt":{"rendered":"<p>Certaines de nos betteraves profitent tellement qu&rsquo;elles deviennent trop volumineuses pour \u00eatre vendu en bottes! Nous les vendons en vrac. Et pas mal de recettes peuvent \u00eatre r\u00e9alis\u00e9es!<\/p>\n","protected":false},"featured_media":177,"template":"","meta":{"_et_pb_use_builder":"","_et_pb_old_content":"","_et_gb_content_width":""},"product_brand":[],"product_cat":[24],"product_tag":[],"class_list":{"0":"post-149","1":"product","2":"type-product","3":"status-publish","4":"has-post-thumbnail","6":"product_cat-legumes-de-saison","8":"first","9":"instock","10":"taxable","11":"shipping-taxable","12":"purchasable","13":"product-type-simple"},"_links":{"self":[{"href":"https:\/\/fermelaute.be\/index.php\/wp-json\/wp\/v2\/product\/149","targetHints":{"allow":["GET"]}}],"collection":[{"href":"https:\/\/fermelaute.be\/index.php\/wp-json\/wp\/v2\/product"}],"about":[{"href":"https:\/\/fermelaute.be\/index.php\/wp-json\/wp\/v2\/types\/product"}],"wp:featuredmedia":[{"embeddable":true,"href":"https:\/\/fermelaute.be\/index.php\/wp-json\/wp\/v2\/media\/177"}],"wp:attachment":[{"href":"https:\/\/fermelaute.be\/index.php\/wp-json\/wp\/v2\/media?parent=149"}],"wp:term":[{"taxonomy":"product_brand","embeddable":true,"href":"https:\/\/fermelaute.be\/index.php\/wp-json\/wp\/v2\/product_brand?post=149"},{"taxonomy":"product_cat","embeddable":true,"href":"https:\/\/fermelaute.be\/index.php\/wp-json\/wp\/v2\/product_cat?post=149"},{"taxonomy":"product_tag","embeddable":true,"href":"https:\/\/fermelaute.be\/index.php\/wp-json\/wp\/v2\/product_tag?post=149"}],"curies":[{"name":"wp","href":"https:\/\/api.w.org\/{rel}","templated":true}]}}