{"id":144,"date":"2022-06-07T09:14:39","date_gmt":"2022-06-07T09:14:39","guid":{"rendered":"https:\/\/fermelaute.be\/?post_type=product&#038;p=144"},"modified":"2026-02-10T08:27:02","modified_gmt":"2026-02-10T08:27:02","slug":"oeufs-fermier","status":"publish","type":"product","link":"https:\/\/fermelaute.be\/index.php\/product\/oeufs-fermier\/","title":{"rendered":"oeufs fermier"},"content":{"rendered":"<p>\u0153ufs\u00a0 fermier boite de 6<\/p>\n<p>poules \u00e9lev\u00e9es en plein air nourries de fa\u00e7on autonome<\/p>\n","protected":false},"excerpt":{"rendered":"<p>oeufs fermier<\/p>\n","protected":false},"featured_media":174,"template":"","meta":{"_et_pb_use_builder":"","_et_pb_old_content":"","_et_gb_content_width":""},"product_brand":[],"product_cat":[23],"product_tag":[],"class_list":{"0":"post-144","1":"product","2":"type-product","3":"status-publish","4":"has-post-thumbnail","6":"product_cat-oeufs-fermiers","8":"first","9":"instock","10":"taxable","11":"shipping-taxable","12":"purchasable","13":"product-type-simple"},"_links":{"self":[{"href":"https:\/\/fermelaute.be\/index.php\/wp-json\/wp\/v2\/product\/144","targetHints":{"allow":["GET"]}}],"collection":[{"href":"https:\/\/fermelaute.be\/index.php\/wp-json\/wp\/v2\/product"}],"about":[{"href":"https:\/\/fermelaute.be\/index.php\/wp-json\/wp\/v2\/types\/product"}],"wp:featuredmedia":[{"embeddable":true,"href":"https:\/\/fermelaute.be\/index.php\/wp-json\/wp\/v2\/media\/174"}],"wp:attachment":[{"href":"https:\/\/fermelaute.be\/index.php\/wp-json\/wp\/v2\/media?parent=144"}],"wp:term":[{"taxonomy":"product_brand","embeddable":true,"href":"https:\/\/fermelaute.be\/index.php\/wp-json\/wp\/v2\/product_brand?post=144"},{"taxonomy":"product_cat","embeddable":true,"href":"https:\/\/fermelaute.be\/index.php\/wp-json\/wp\/v2\/product_cat?post=144"},{"taxonomy":"product_tag","embeddable":true,"href":"https:\/\/fermelaute.be\/index.php\/wp-json\/wp\/v2\/product_tag?post=144"}],"curies":[{"name":"wp","href":"https:\/\/api.w.org\/{rel}","templated":true}]}}