{"id":143,"date":"2022-06-07T09:14:39","date_gmt":"2022-06-07T09:14:39","guid":{"rendered":"https:\/\/fermelaute.be\/?post_type=product&#038;p=143"},"modified":"2026-04-17T14:20:34","modified_gmt":"2026-04-17T14:20:34","slug":"fraises-en-ravier-de-500gr-2","status":"publish","type":"product","link":"https:\/\/fermelaute.be\/index.php\/product\/fraises-en-ravier-de-500gr-2\/","title":{"rendered":"fraises en ravier de +\/- 500gr"},"content":{"rendered":"<p>Fraises cultiv\u00e9e de mani\u00e8re naturelle diff\u00e9rentes vari\u00e9t\u00e9s Joly\/korona\/murano<\/p>\n<div id=\"attachment_1973\" style=\"width: 310px\" class=\"wp-caption alignnone\"><img loading=\"lazy\" decoding=\"async\" aria-describedby=\"caption-attachment-1973\" src=\"https:\/\/fermelaute.com\/wp-content\/uploads\/2021\/05\/fraise-300x158.jpg\" alt=\"\" width=\"300\" height=\"158\" class=\"size-medium wp-image-1973\" \/><p id=\"caption-attachment-1973\" class=\"wp-caption-text\">fraise local<\/p><\/div>\n","protected":false},"excerpt":{"rendered":"<p>Fraises en ravier de 500gr<\/p>\n","protected":false},"featured_media":173,"template":"","meta":{"_et_pb_use_builder":"","_et_pb_old_content":"","_et_gb_content_width":""},"product_brand":[],"product_cat":[24],"product_tag":[],"class_list":{"0":"post-143","1":"product","2":"type-product","3":"status-publish","4":"has-post-thumbnail","6":"product_cat-legumes-de-saison","8":"first","9":"instock","10":"taxable","11":"shipping-taxable","12":"purchasable","13":"product-type-simple"},"_links":{"self":[{"href":"https:\/\/fermelaute.be\/index.php\/wp-json\/wp\/v2\/product\/143","targetHints":{"allow":["GET"]}}],"collection":[{"href":"https:\/\/fermelaute.be\/index.php\/wp-json\/wp\/v2\/product"}],"about":[{"href":"https:\/\/fermelaute.be\/index.php\/wp-json\/wp\/v2\/types\/product"}],"wp:featuredmedia":[{"embeddable":true,"href":"https:\/\/fermelaute.be\/index.php\/wp-json\/wp\/v2\/media\/173"}],"wp:attachment":[{"href":"https:\/\/fermelaute.be\/index.php\/wp-json\/wp\/v2\/media?parent=143"}],"wp:term":[{"taxonomy":"product_brand","embeddable":true,"href":"https:\/\/fermelaute.be\/index.php\/wp-json\/wp\/v2\/product_brand?post=143"},{"taxonomy":"product_cat","embeddable":true,"href":"https:\/\/fermelaute.be\/index.php\/wp-json\/wp\/v2\/product_cat?post=143"},{"taxonomy":"product_tag","embeddable":true,"href":"https:\/\/fermelaute.be\/index.php\/wp-json\/wp\/v2\/product_tag?post=143"}],"curies":[{"name":"wp","href":"https:\/\/api.w.org\/{rel}","templated":true}]}}